{"id":926,"date":"2025-03-31T14:14:49","date_gmt":"2025-03-31T14:14:49","guid":{"rendered":"https:\/\/meetingspace-leipzig.de\/?page_id=926"},"modified":"2025-04-11T12:14:05","modified_gmt":"2025-04-11T12:14:05","slug":"loungebereich","status":"publish","type":"page","link":"https:\/\/meetingspace-leipzig.de\/en\/loungebereich\/","title":{"rendered":"Lounge Area"},"content":{"rendered":"<div data-elementor-type=\"wp-page\" data-elementor-id=\"926\" class=\"elementor elementor-926\">\n\t\t\t\t<div class=\"elementor-element elementor-element-3df141b e-flex e-con-boxed e-con e-parent\" data-id=\"3df141b\" data-element_type=\"container\" data-e-type=\"container\" data-settings=\"{&quot;background_background&quot;:&quot;classic&quot;}\">\n\t\t\t\t\t<div class=\"e-con-inner\">\n\t\t<div class=\"elementor-element elementor-element-3154c56 e-con-full e-flex e-con e-child\" data-id=\"3154c56\" data-element_type=\"container\" data-e-type=\"container\">\n\t\t\t\t<div class=\"elementor-element elementor-element-9c600f2 elementor-widget__width-inherit elementor-widget elementor-widget-heading\" data-id=\"9c600f2\" data-element_type=\"widget\" data-e-type=\"widget\" data-widget_type=\"heading.default\">\n\t\t\t\t\t<h2 class=\"elementor-heading-title elementor-size-default\">Lounge Area<\/h2>\t\t\t\t<\/div>\n\t\t\t\t<\/div>\n\t\t\t\t\t<\/div>\n\t\t\t\t<\/div>\n\t\t<div class=\"elementor-element elementor-element-7ff9e90 e-flex e-con-boxed e-con e-parent\" data-id=\"7ff9e90\" data-element_type=\"container\" data-e-type=\"container\" data-settings=\"{&quot;background_background&quot;:&quot;classic&quot;}\">\n\t\t\t\t\t<div class=\"e-con-inner\">\n\t\t<div class=\"elementor-element elementor-element-8b5d7f9 e-con-full e-flex e-con e-child\" data-id=\"8b5d7f9\" data-element_type=\"container\" data-e-type=\"container\">\n\t\t\t\t<div class=\"elementor-element elementor-element-80c9dae elementor-widget elementor-widget-text-editor\" data-id=\"80c9dae\" data-element_type=\"widget\" data-e-type=\"widget\" data-widget_type=\"text-editor.default\">\n\t\t\t\t\t\t\t\t\tThe 35 sqm lounge area complements the two seminar rooms and invites you to work, to relax and toi interact. \nIn this interaction centre, you will find many little details designed for discovery and enjoyment. In the lounge area, there is a cloakroom in the lower entrance area. On the upper level, a small kitchen, the cafeteria area and the relaxation area, including two relaxing spheres (a combination of light, space, time and sound), are available. When using the seminar centre exclusively, you can use the entire lounge area as a workspace as well. Here too, magnetic walls make it possible to 'pin up' your materials.\n\n\t\t\t\t\t\t\t\t<\/div>\n\t\t\t\t<\/div>\n\t\t<div class=\"elementor-element elementor-element-0ea0643 e-con-full e-flex e-con e-child\" data-id=\"0ea0643\" data-element_type=\"container\" data-e-type=\"container\">\n\t\t\t\t<div class=\"elementor-element elementor-element-fc732e9 elementor-widget elementor-widget-image\" data-id=\"fc732e9\" data-element_type=\"widget\" data-e-type=\"widget\" data-widget_type=\"image.default\">\n\t\t\t\t\t\t\t\t\t\t\t\t\t\t\t<img fetchpriority=\"high\" decoding=\"async\" width=\"750\" height=\"456\" src=\"https:\/\/meetingspace-leipzig.de\/wp-content\/uploads\/2025\/03\/Bildschirmfoto-2025-03-31-um-16.16.49.png\" class=\"attachment-large size-large wp-image-928\" alt=\"\" srcset=\"https:\/\/meetingspace-leipzig.de\/wp-content\/uploads\/2025\/03\/Bildschirmfoto-2025-03-31-um-16.16.49.png 750w, https:\/\/meetingspace-leipzig.de\/wp-content\/uploads\/2025\/03\/Bildschirmfoto-2025-03-31-um-16.16.49-300x182.png 300w\" sizes=\"(max-width: 750px) 100vw, 750px\" \/>\t\t\t\t\t\t\t\t\t\t\t\t\t\t\t<\/div>\n\t\t\t\t<\/div>\n\t\t\t\t<div class=\"elementor-element elementor-element-9757d27 elementor-pagination-position-outside elementor-widget elementor-widget-image-carousel\" data-id=\"9757d27\" data-element_type=\"widget\" data-e-type=\"widget\" data-settings=\"{&quot;slides_to_show&quot;:&quot;2&quot;,&quot;slides_to_show_tablet&quot;:&quot;2&quot;,&quot;navigation&quot;:&quot;dots&quot;,&quot;autoplay&quot;:&quot;yes&quot;,&quot;pause_on_hover&quot;:&quot;yes&quot;,&quot;pause_on_interaction&quot;:&quot;yes&quot;,&quot;autoplay_speed&quot;:5000,&quot;infinite&quot;:&quot;yes&quot;,&quot;speed&quot;:500}\" data-widget_type=\"image-carousel.default\">\n\t\t\t\t\t\t\t<div class=\"elementor-image-carousel-wrapper swiper\" role=\"region\" aria-roledescription=\"carousel\" aria-label=\"Image Carousel\" dir=\"ltr\">\n\t\t\t<div class=\"elementor-image-carousel swiper-wrapper\" aria-live=\"off\">\n\t\t\t\t\t\t\t\t<div class=\"swiper-slide\" role=\"group\" aria-roledescription=\"slide\" aria-label=\"1 von 6\"><a data-elementor-open-lightbox=\"yes\" data-elementor-lightbox-slideshow=\"9757d27\" data-elementor-lightbox-title=\"1_dscn3403\" data-e-action-hash=\"#elementor-action%3Aaction%3Dlightbox%26settings%3DeyJpZCI6MTA2OCwidXJsIjoiaHR0cHM6XC9cL21lZXRpbmdzcGFjZS1sZWlwemlnLmRlXC93cC1jb250ZW50XC91cGxvYWRzXC8yMDI1XC8wNFwvMV9kc2NuMzQwMy5qcGciLCJzbGlkZXNob3ciOiI5NzU3ZDI3In0%3D\" href=\"https:\/\/meetingspace-leipzig.de\/wp-content\/uploads\/2025\/04\/1_dscn3403.jpg\"><figure class=\"swiper-slide-inner\"><img decoding=\"async\" class=\"swiper-slide-image\" src=\"https:\/\/meetingspace-leipzig.de\/wp-content\/uploads\/2025\/04\/1_dscn3403.jpg\" alt=\"1_dscn3403\" \/><\/figure><\/a><\/div><div class=\"swiper-slide\" role=\"group\" aria-roledescription=\"slide\" aria-label=\"2 von 6\"><a data-elementor-open-lightbox=\"yes\" data-elementor-lightbox-slideshow=\"9757d27\" data-elementor-lightbox-title=\"9_dscn3416\" data-e-action-hash=\"#elementor-action%3Aaction%3Dlightbox%26settings%3DeyJpZCI6MTA2OSwidXJsIjoiaHR0cHM6XC9cL21lZXRpbmdzcGFjZS1sZWlwemlnLmRlXC93cC1jb250ZW50XC91cGxvYWRzXC8yMDI1XC8wNFwvOV9kc2NuMzQxNi5qcGciLCJzbGlkZXNob3ciOiI5NzU3ZDI3In0%3D\" href=\"https:\/\/meetingspace-leipzig.de\/wp-content\/uploads\/2025\/04\/9_dscn3416.jpg\"><figure class=\"swiper-slide-inner\"><img decoding=\"async\" class=\"swiper-slide-image\" src=\"https:\/\/meetingspace-leipzig.de\/wp-content\/uploads\/2025\/04\/9_dscn3416.jpg\" alt=\"9_dscn3416\" \/><\/figure><\/a><\/div><div class=\"swiper-slide\" role=\"group\" aria-roledescription=\"slide\" aria-label=\"3 von 6\"><a data-elementor-open-lightbox=\"yes\" data-elementor-lightbox-slideshow=\"9757d27\" data-elementor-lightbox-title=\"dscn3705\" data-e-action-hash=\"#elementor-action%3Aaction%3Dlightbox%26settings%3DeyJpZCI6MTA3MCwidXJsIjoiaHR0cHM6XC9cL21lZXRpbmdzcGFjZS1sZWlwemlnLmRlXC93cC1jb250ZW50XC91cGxvYWRzXC8yMDI1XC8wNFwvZHNjbjM3MDUuanBnIiwic2xpZGVzaG93IjoiOTc1N2QyNyJ9\" href=\"https:\/\/meetingspace-leipzig.de\/wp-content\/uploads\/2025\/04\/dscn3705.jpg\"><figure class=\"swiper-slide-inner\"><img decoding=\"async\" class=\"swiper-slide-image\" src=\"https:\/\/meetingspace-leipzig.de\/wp-content\/uploads\/2025\/04\/dscn3705.jpg\" alt=\"dscn3705\" \/><\/figure><\/a><\/div><div class=\"swiper-slide\" role=\"group\" aria-roledescription=\"slide\" aria-label=\"4 von 6\"><a data-elementor-open-lightbox=\"yes\" data-elementor-lightbox-slideshow=\"9757d27\" data-elementor-lightbox-title=\"dscn3713\" data-e-action-hash=\"#elementor-action%3Aaction%3Dlightbox%26settings%3DeyJpZCI6MTA3MSwidXJsIjoiaHR0cHM6XC9cL21lZXRpbmdzcGFjZS1sZWlwemlnLmRlXC93cC1jb250ZW50XC91cGxvYWRzXC8yMDI1XC8wNFwvZHNjbjM3MTMuanBnIiwic2xpZGVzaG93IjoiOTc1N2QyNyJ9\" href=\"https:\/\/meetingspace-leipzig.de\/wp-content\/uploads\/2025\/04\/dscn3713.jpg\"><figure class=\"swiper-slide-inner\"><img decoding=\"async\" class=\"swiper-slide-image\" src=\"https:\/\/meetingspace-leipzig.de\/wp-content\/uploads\/2025\/04\/dscn3713.jpg\" alt=\"dscn3713\" \/><\/figure><\/a><\/div><div class=\"swiper-slide\" role=\"group\" aria-roledescription=\"slide\" aria-label=\"5 von 6\"><a data-elementor-open-lightbox=\"yes\" data-elementor-lightbox-slideshow=\"9757d27\" data-elementor-lightbox-title=\"dscn3878\" data-e-action-hash=\"#elementor-action%3Aaction%3Dlightbox%26settings%3DeyJpZCI6MTA3MiwidXJsIjoiaHR0cHM6XC9cL21lZXRpbmdzcGFjZS1sZWlwemlnLmRlXC93cC1jb250ZW50XC91cGxvYWRzXC8yMDI1XC8wNFwvZHNjbjM4NzguanBnIiwic2xpZGVzaG93IjoiOTc1N2QyNyJ9\" href=\"https:\/\/meetingspace-leipzig.de\/wp-content\/uploads\/2025\/04\/dscn3878.jpg\"><figure class=\"swiper-slide-inner\"><img decoding=\"async\" class=\"swiper-slide-image\" src=\"https:\/\/meetingspace-leipzig.de\/wp-content\/uploads\/2025\/04\/dscn3878.jpg\" alt=\"dscn3878\" \/><\/figure><\/a><\/div><div class=\"swiper-slide\" role=\"group\" aria-roledescription=\"slide\" aria-label=\"6 von 6\"><a data-elementor-open-lightbox=\"yes\" data-elementor-lightbox-slideshow=\"9757d27\" data-elementor-lightbox-title=\"lounge\" data-e-action-hash=\"#elementor-action%3Aaction%3Dlightbox%26settings%3DeyJpZCI6MTA3MywidXJsIjoiaHR0cHM6XC9cL21lZXRpbmdzcGFjZS1sZWlwemlnLmRlXC93cC1jb250ZW50XC91cGxvYWRzXC8yMDI1XC8wNFwvbG91bmdlLmpwZyIsInNsaWRlc2hvdyI6Ijk3NTdkMjcifQ%3D%3D\" href=\"https:\/\/meetingspace-leipzig.de\/wp-content\/uploads\/2025\/04\/lounge.jpg\"><figure class=\"swiper-slide-inner\"><img decoding=\"async\" class=\"swiper-slide-image\" src=\"https:\/\/meetingspace-leipzig.de\/wp-content\/uploads\/2025\/04\/lounge.jpg\" alt=\"lounge\" \/><\/figure><\/a><\/div>\t\t\t<\/div>\n\t\t\t\t\t\t\t\n\t\t\t\t\t\t\t\t\t<div class=\"swiper-pagination\"><\/div>\n\t\t\t\t\t\t\t\t\t<\/div>\n\t\t\t\t\t\t<\/div>\n\t\t\t\t\t<\/div>\n\t\t\t\t<\/div>\n\t\t\t\t<\/div>","protected":false},"excerpt":{"rendered":"<p>Loungebereich Der Loungebereich mit 35 qm erg\u00e4nzt die beiden Seminarr\u00e4ume und l\u00e4dt zum Arbeiten ebenso wie zum Entspannen und Austauschen ein. In diesem Interaktionszentrum erwarten Sie viele Kleinigkeiten, die mit Liebe zum Detail, zum Entdecken und Genie\u00dfen einladen. Im Loungebereich befindet sich im unteren Eingangsbereich eine Garderobe. Im oberen Bereich steht Ihnen eine kleine K\u00fcche, [&hellip;]<\/p>\n","protected":false},"author":2,"featured_media":0,"parent":0,"menu_order":0,"comment_status":"closed","ping_status":"closed","template":"elementor_header_footer","meta":{"footnotes":""},"class_list":["post-926","page","type-page","status-publish","hentry"],"_links":{"self":[{"href":"https:\/\/meetingspace-leipzig.de\/en\/wp-json\/wp\/v2\/pages\/926","targetHints":{"allow":["GET"]}}],"collection":[{"href":"https:\/\/meetingspace-leipzig.de\/en\/wp-json\/wp\/v2\/pages"}],"about":[{"href":"https:\/\/meetingspace-leipzig.de\/en\/wp-json\/wp\/v2\/types\/page"}],"author":[{"embeddable":true,"href":"https:\/\/meetingspace-leipzig.de\/en\/wp-json\/wp\/v2\/users\/2"}],"replies":[{"embeddable":true,"href":"https:\/\/meetingspace-leipzig.de\/en\/wp-json\/wp\/v2\/comments?post=926"}],"version-history":[{"count":13,"href":"https:\/\/meetingspace-leipzig.de\/en\/wp-json\/wp\/v2\/pages\/926\/revisions"}],"predecessor-version":[{"id":1140,"href":"https:\/\/meetingspace-leipzig.de\/en\/wp-json\/wp\/v2\/pages\/926\/revisions\/1140"}],"wp:attachment":[{"href":"https:\/\/meetingspace-leipzig.de\/en\/wp-json\/wp\/v2\/media?parent=926"}],"curies":[{"name":"wp","href":"https:\/\/api.w.org\/{rel}","templated":true}]}}