{"id":858,"date":"2025-03-31T12:16:58","date_gmt":"2025-03-31T12:16:58","guid":{"rendered":"https:\/\/meetingspace-leipzig.de\/?page_id=858"},"modified":"2026-02-25T13:55:18","modified_gmt":"2026-02-25T12:55:18","slug":"catering-services","status":"publish","type":"page","link":"https:\/\/meetingspace-leipzig.de\/en\/catering-services\/","title":{"rendered":"Catering"},"content":{"rendered":"<div data-elementor-type=\"wp-page\" data-elementor-id=\"858\" class=\"elementor elementor-858\">\n\t\t\t\t<div class=\"elementor-element elementor-element-3df141b e-flex e-con-boxed e-con e-parent\" data-id=\"3df141b\" data-element_type=\"container\" data-e-type=\"container\" data-settings=\"{&quot;background_background&quot;:&quot;classic&quot;}\">\n\t\t\t\t\t<div class=\"e-con-inner\">\n\t\t<div class=\"elementor-element elementor-element-3154c56 e-con-full e-flex e-con e-child\" data-id=\"3154c56\" data-element_type=\"container\" data-e-type=\"container\">\n\t\t\t\t<div class=\"elementor-element elementor-element-9c600f2 elementor-widget elementor-widget-heading\" data-id=\"9c600f2\" data-element_type=\"widget\" data-e-type=\"widget\" data-widget_type=\"heading.default\">\n\t\t\t\t\t<h2 class=\"elementor-heading-title elementor-size-default\">Catering &amp; Services<\/h2>\t\t\t\t<\/div>\n\t\t\t\t<\/div>\n\t\t\t\t\t<\/div>\n\t\t\t\t<\/div>\n\t\t<div class=\"elementor-element elementor-element-7ff9e90 e-flex e-con-boxed e-con e-parent\" data-id=\"7ff9e90\" data-element_type=\"container\" data-e-type=\"container\" data-settings=\"{&quot;background_background&quot;:&quot;classic&quot;}\">\n\t\t\t\t\t<div class=\"e-con-inner\">\n\t\t<div class=\"elementor-element elementor-element-8b5d7f9 e-con-full e-flex e-con e-child\" data-id=\"8b5d7f9\" data-element_type=\"container\" data-e-type=\"container\">\n\t\t\t\t<div class=\"elementor-element elementor-element-7ea877f elementor-widget elementor-widget-heading\" data-id=\"7ea877f\" data-element_type=\"widget\" data-e-type=\"widget\" data-widget_type=\"heading.default\">\n\t\t\t\t\t<h2 class=\"elementor-heading-title elementor-size-default\">Catering in the Seminar Centre\n<\/h2>\t\t\t\t<\/div>\n\t\t\t\t<div class=\"elementor-element elementor-element-80c9dae elementor-widget elementor-widget-text-editor\" data-id=\"80c9dae\" data-element_type=\"widget\" data-e-type=\"widget\" data-widget_type=\"text-editor.default\">\n\t\t\t\t\t\t\t\t\t<p>Damit Ihre Tagungen, Besprechungen und Veranstaltungen rundrum perfekt sind, bieten wir Ihnen vielf\u00e4ltige Verpflegungsm\u00f6glichkeiten nach Wahl. Entscheiden Sie sich zwischen einem Catering z.B. in Form von Fingerfood im Seminarzentrum oder nutzen Sie die vielen Restaurants in unmittelbarer Umgebung. Sie k\u00f6nnen hierbei zwischen deutscher, italienischer, franz\u00f6sischer und japanischer K\u00fcche w\u00e4hlen. Wir organisieren Ihnen das Essen im Seminarzentrum bzw. den Besuch im Restaurant. Ein Essen bel\u00e4uft sich auf 32,50 \u20ac pro Person. Bei den Getr\u00e4nken profitieren Sie w\u00e4hrend Ihrer Zeit im Seminarzentrum von den All-inclusive-Preisen. Im Seminarzentrum sind Wasser (still\/mit Kohlens\u00e4ure), Kaffee sowie Apfelsaft f\u00fcr 12 Personen im Preis enthalten. Weitere Informationen zu den All-inclusive-Preisen erhalten Sie gern auf <a href=\"https:\/\/meetingspace-leipzig.de\/en\/kontakt\/\">Anfrage.<\/a><\/p>\t\t\t\t\t\t\t\t<\/div>\n\t\t\t\t<\/div>\n\t\t\t\t<div class=\"elementor-element elementor-element-1f6762b elementor-widget__width-initial elementor-widget elementor-widget-image\" data-id=\"1f6762b\" data-element_type=\"widget\" data-e-type=\"widget\" data-widget_type=\"image.default\">\n\t\t\t\t\t\t\t\t\t\t\t\t\t\t\t<img fetchpriority=\"high\" decoding=\"async\" width=\"786\" height=\"400\" src=\"https:\/\/meetingspace-leipzig.de\/wp-content\/uploads\/2025\/03\/spm2000-catering-oi3q3cek0hoywnacn0o3j1bvrzdbb4sapmhifsnpcw.jpg\" class=\"attachment-large size-large wp-image-861\" alt=\"\" srcset=\"https:\/\/meetingspace-leipzig.de\/wp-content\/uploads\/2025\/03\/spm2000-catering-oi3q3cek0hoywnacn0o3j1bvrzdbb4sapmhifsnpcw.jpg 786w, https:\/\/meetingspace-leipzig.de\/wp-content\/uploads\/2025\/03\/spm2000-catering-oi3q3cek0hoywnacn0o3j1bvrzdbb4sapmhifsnpcw-300x153.jpg 300w, https:\/\/meetingspace-leipzig.de\/wp-content\/uploads\/2025\/03\/spm2000-catering-oi3q3cek0hoywnacn0o3j1bvrzdbb4sapmhifsnpcw-768x391.jpg 768w\" sizes=\"(max-width: 786px) 100vw, 786px\" \/>\t\t\t\t\t\t\t\t\t\t\t\t\t\t\t<\/div>\n\t\t\t\t<div class=\"elementor-element elementor-element-9295aa7 elementor-widget__width-initial elementor-widget elementor-widget-image\" data-id=\"9295aa7\" data-element_type=\"widget\" data-e-type=\"widget\" data-widget_type=\"image.default\">\n\t\t\t\t\t\t\t\t\t\t\t\t\t\t\t<img decoding=\"async\" width=\"786\" height=\"400\" src=\"https:\/\/meetingspace-leipzig.de\/wp-content\/uploads\/2025\/03\/spm2000-hotelservice-oi3q3cek0hoywnacn0o3j1bvrzdbb4sapmhifsnpcw.jpg\" class=\"attachment-large size-large wp-image-862\" alt=\"\" srcset=\"https:\/\/meetingspace-leipzig.de\/wp-content\/uploads\/2025\/03\/spm2000-hotelservice-oi3q3cek0hoywnacn0o3j1bvrzdbb4sapmhifsnpcw.jpg 786w, https:\/\/meetingspace-leipzig.de\/wp-content\/uploads\/2025\/03\/spm2000-hotelservice-oi3q3cek0hoywnacn0o3j1bvrzdbb4sapmhifsnpcw-300x153.jpg 300w, https:\/\/meetingspace-leipzig.de\/wp-content\/uploads\/2025\/03\/spm2000-hotelservice-oi3q3cek0hoywnacn0o3j1bvrzdbb4sapmhifsnpcw-768x391.jpg 768w\" sizes=\"(max-width: 786px) 100vw, 786px\" \/>\t\t\t\t\t\t\t\t\t\t\t\t\t\t\t<\/div>\n\t\t<div class=\"elementor-element elementor-element-19ace15 e-con-full e-flex e-con e-child\" data-id=\"19ace15\" data-element_type=\"container\" data-e-type=\"container\">\n\t\t\t\t<div class=\"elementor-element elementor-element-bb4d0b0 elementor-widget elementor-widget-heading\" data-id=\"bb4d0b0\" data-element_type=\"widget\" data-e-type=\"widget\" data-widget_type=\"heading.default\">\n\t\t\t\t\t<h2 class=\"elementor-heading-title elementor-size-default\">Hotel Booking Service<\/h2>\t\t\t\t<\/div>\n\t\t\t\t<div class=\"elementor-element elementor-element-55cfbde elementor-widget elementor-widget-text-editor\" data-id=\"55cfbde\" data-element_type=\"widget\" data-e-type=\"widget\" data-widget_type=\"text-editor.default\">\n\t\t\t\t\t\t\t\t\t<p>We are here for you if you need accommodation. With various hotels, such as the\u00a0<a href=\"https:\/\/www.seminarzentrumleipzig.de\/wp-content\/uploads\/2019\/12\/motel-one-leipzig_spm-2000_16-04-2012.pdf\" target=\"_blank\" rel=\"noopener\">Motel One Leipzig<\/a>\u00a0or the\u00a0<a href=\"https:\/\/www.seminarzentrumleipzig.de\/wp-content\/uploads\/2019\/12\/rateninfo_2012_spm-2000_16-04-2012.pdf\" target=\"_blank\" rel=\"noopener\">Best Western Hotel Leipzig City Center.<\/a> We have established partnerships with these hotels that grant you particularly favourable conditions. Contact us and we will organize the appropriate contacts with the desired hotels (Tel. 0341\/333 84 20).<\/p>\t\t\t\t\t\t\t\t<\/div>\n\t\t\t\t<\/div>\n\t\t\t\t\t<\/div>\n\t\t\t\t<\/div>\n\t\t<div class=\"elementor-element elementor-element-24dc02d e-flex e-con-boxed e-con e-parent\" data-id=\"24dc02d\" data-element_type=\"container\" data-e-type=\"container\" data-settings=\"{&quot;background_background&quot;:&quot;classic&quot;}\">\n\t\t\t\t\t<div class=\"e-con-inner\">\n\t\t<div class=\"elementor-element elementor-element-47ffe8e e-con-full e-flex e-con e-child\" data-id=\"47ffe8e\" data-element_type=\"container\" data-e-type=\"container\">\n\t\t\t\t<div class=\"elementor-element elementor-element-6d27321 elementor-widget elementor-widget-heading\" data-id=\"6d27321\" data-element_type=\"widget\" data-e-type=\"widget\" data-widget_type=\"heading.default\">\n\t\t\t\t\t<h2 class=\"elementor-heading-title elementor-size-default\">Framework Programme<\/h2>\t\t\t\t<\/div>\n\t\t\t\t<div class=\"elementor-element elementor-element-8f563d4 elementor-widget elementor-widget-text-editor\" data-id=\"8f563d4\" data-element_type=\"widget\" data-e-type=\"widget\" data-widget_type=\"text-editor.default\">\n\t\t\t\t\t\t\t\t\t<p>In order to make your stay in Leipzig as comfortable as possible, we offer you the opportunity to explore Leipzig and the surrounding area. We will gladly take care of organised sightseeing tours, a visit to the nearby\u00a0<a href=\"http:\/\/www.zoo-leipzig.de\/\" target=\"_blank\" rel=\"noopener noreferrer\">Zoo Leipzig<\/a>\u00a0or other leisure activities, e.g. a visit to the\u00a0<a href=\"http:\/\/www.kletterwald-leipzig.de\/\" target=\"_blank\" rel=\"noopener noreferrer\">climbing forest<\/a>\u00a0or the\u00a0<a href=\"https:\/\/leipziger-neuseenland.org\/\" target=\"_blank\" rel=\"noopener noreferrer\">Leipzig Lake District<\/a>. Please contact us if you need our support (Tel. 0341\/333 84 20).<\/p>\t\t\t\t\t\t\t\t<\/div>\n\t\t\t\t<\/div>\n\t\t<div class=\"elementor-element elementor-element-735f2c8 e-con-full e-flex e-con e-child\" data-id=\"735f2c8\" data-element_type=\"container\" data-e-type=\"container\">\n\t\t\t\t<div class=\"elementor-element elementor-element-1d21497 elementor-widget__width-inherit elementor-widget elementor-widget-image\" data-id=\"1d21497\" data-element_type=\"widget\" data-e-type=\"widget\" data-widget_type=\"image.default\">\n\t\t\t\t\t\t\t\t\t\t\t\t\t\t\t\t<a href=\"https:\/\/www.zoo-leipzig.de\/\" target=\"_blank\" rel=\"noopener\">\n\t\t\t\t\t\t\t<img decoding=\"async\" width=\"720\" height=\"480\" src=\"https:\/\/meetingspace-leipzig.de\/wp-content\/uploads\/2025\/03\/leipziger-zoo.png\" class=\"attachment-large size-large wp-image-866\" alt=\"\" srcset=\"https:\/\/meetingspace-leipzig.de\/wp-content\/uploads\/2025\/03\/leipziger-zoo.png 720w, https:\/\/meetingspace-leipzig.de\/wp-content\/uploads\/2025\/03\/leipziger-zoo-300x200.png 300w\" sizes=\"(max-width: 720px) 100vw, 720px\" \/>\t\t\t\t\t\t\t\t<\/a>\n\t\t\t\t\t\t\t\t\t\t\t\t\t\t\t<\/div>\n\t\t\t\t<div class=\"elementor-element elementor-element-ebc512c elementor-widget__width-inherit elementor-widget elementor-widget-image\" data-id=\"ebc512c\" data-element_type=\"widget\" data-e-type=\"widget\" data-widget_type=\"image.default\">\n\t\t\t\t\t\t\t\t\t\t\t\t\t\t\t\t<a href=\"https:\/\/www.kletterwald-leipzig.de\/kletterwald\" target=\"_blank\" rel=\"noopener\">\n\t\t\t\t\t\t\t<img loading=\"lazy\" decoding=\"async\" width=\"720\" height=\"480\" src=\"https:\/\/meetingspace-leipzig.de\/wp-content\/uploads\/2025\/03\/kletterwald-leipzig-logo.png\" class=\"attachment-large size-large wp-image-864\" alt=\"\" srcset=\"https:\/\/meetingspace-leipzig.de\/wp-content\/uploads\/2025\/03\/kletterwald-leipzig-logo.png 720w, https:\/\/meetingspace-leipzig.de\/wp-content\/uploads\/2025\/03\/kletterwald-leipzig-logo-300x200.png 300w\" sizes=\"(max-width: 720px) 100vw, 720px\" \/>\t\t\t\t\t\t\t\t<\/a>\n\t\t\t\t\t\t\t\t\t\t\t\t\t\t\t<\/div>\n\t\t\t\t<div class=\"elementor-element elementor-element-cb0cdc0 elementor-widget__width-inherit elementor-widget elementor-widget-image\" data-id=\"cb0cdc0\" data-element_type=\"widget\" data-e-type=\"widget\" data-widget_type=\"image.default\">\n\t\t\t\t\t\t\t\t\t\t\t\t\t\t\t\t<a href=\"https:\/\/leipziger-neuseenland.org\/\" target=\"_blank\" rel=\"noopener\">\n\t\t\t\t\t\t\t<img loading=\"lazy\" decoding=\"async\" width=\"800\" height=\"394\" src=\"https:\/\/meetingspace-leipzig.de\/wp-content\/uploads\/2025\/03\/Logo_Leipziger_Neuseenland.svg-1024x504.png\" class=\"attachment-large size-large wp-image-867\" alt=\"\" srcset=\"https:\/\/meetingspace-leipzig.de\/wp-content\/uploads\/2025\/03\/Logo_Leipziger_Neuseenland.svg-1024x504.png 1024w, https:\/\/meetingspace-leipzig.de\/wp-content\/uploads\/2025\/03\/Logo_Leipziger_Neuseenland.svg-300x148.png 300w, https:\/\/meetingspace-leipzig.de\/wp-content\/uploads\/2025\/03\/Logo_Leipziger_Neuseenland.svg-768x378.png 768w, https:\/\/meetingspace-leipzig.de\/wp-content\/uploads\/2025\/03\/Logo_Leipziger_Neuseenland.svg.png 1200w\" sizes=\"(max-width: 800px) 100vw, 800px\" \/>\t\t\t\t\t\t\t\t<\/a>\n\t\t\t\t\t\t\t\t\t\t\t\t\t\t\t<\/div>\n\t\t\t\t<\/div>\n\t\t\t\t\t<\/div>\n\t\t\t\t<\/div>\n\t\t\t\t<\/div>","protected":false},"excerpt":{"rendered":"<p>Catering &amp; Services Verpflegung im Seminarzentrum Damit Ihre Tagungen, Besprechungen und Veranstaltungen rundrum perfekt sind, bieten wir Ihnen vielf\u00e4ltige Verpflegungsm\u00f6glichkeiten nach Wahl. Entscheiden Sie sich zwischen einem Catering z.B. in Form von Fingerfood im Seminarzentrum oder nutzen Sie die vielen Restaurants in unmittelbarer Umgebung. Sie k\u00f6nnen hierbei zwischen deutscher, italienischer, franz\u00f6sischer und japanischer K\u00fcche w\u00e4hlen. [&hellip;]<\/p>\n","protected":false},"author":2,"featured_media":0,"parent":0,"menu_order":0,"comment_status":"closed","ping_status":"closed","template":"elementor_header_footer","meta":{"footnotes":""},"class_list":["post-858","page","type-page","status-publish","hentry"],"_links":{"self":[{"href":"https:\/\/meetingspace-leipzig.de\/en\/wp-json\/wp\/v2\/pages\/858","targetHints":{"allow":["GET"]}}],"collection":[{"href":"https:\/\/meetingspace-leipzig.de\/en\/wp-json\/wp\/v2\/pages"}],"about":[{"href":"https:\/\/meetingspace-leipzig.de\/en\/wp-json\/wp\/v2\/types\/page"}],"author":[{"embeddable":true,"href":"https:\/\/meetingspace-leipzig.de\/en\/wp-json\/wp\/v2\/users\/2"}],"replies":[{"embeddable":true,"href":"https:\/\/meetingspace-leipzig.de\/en\/wp-json\/wp\/v2\/comments?post=858"}],"version-history":[{"count":21,"href":"https:\/\/meetingspace-leipzig.de\/en\/wp-json\/wp\/v2\/pages\/858\/revisions"}],"predecessor-version":[{"id":1636,"href":"https:\/\/meetingspace-leipzig.de\/en\/wp-json\/wp\/v2\/pages\/858\/revisions\/1636"}],"wp:attachment":[{"href":"https:\/\/meetingspace-leipzig.de\/en\/wp-json\/wp\/v2\/media?parent=858"}],"curies":[{"name":"wp","href":"https:\/\/api.w.org\/{rel}","templated":true}]}}