{"id":841,"date":"2025-03-31T12:05:34","date_gmt":"2025-03-31T12:05:34","guid":{"rendered":"https:\/\/meetingspace-leipzig.de\/?page_id=841"},"modified":"2025-06-13T12:55:25","modified_gmt":"2025-06-13T10:55:25","slug":"tagungstechnik","status":"publish","type":"page","link":"https:\/\/meetingspace-leipzig.de\/en\/tagungstechnik\/","title":{"rendered":"Conference Technology"},"content":{"rendered":"<div data-elementor-type=\"wp-page\" data-elementor-id=\"841\" class=\"elementor elementor-841\">\n\t\t\t\t<div class=\"elementor-element elementor-element-3df141b e-flex e-con-boxed e-con e-parent\" data-id=\"3df141b\" data-element_type=\"container\" data-e-type=\"container\" data-settings=\"{&quot;background_background&quot;:&quot;classic&quot;}\">\n\t\t\t\t\t<div class=\"e-con-inner\">\n\t\t<div class=\"elementor-element elementor-element-3154c56 e-con-full e-flex e-con e-child\" data-id=\"3154c56\" data-element_type=\"container\" data-e-type=\"container\">\n\t\t\t\t<div class=\"elementor-element elementor-element-9c600f2 elementor-widget elementor-widget-heading\" data-id=\"9c600f2\" data-element_type=\"widget\" data-e-type=\"widget\" data-widget_type=\"heading.default\">\n\t\t\t\t\t<h2 class=\"elementor-heading-title elementor-size-default\">Our Conference Technology<\/h2>\t\t\t\t<\/div>\n\t\t\t\t<\/div>\n\t\t\t\t\t<\/div>\n\t\t\t\t<\/div>\n\t\t<div class=\"elementor-element elementor-element-7ff9e90 e-flex e-con-boxed e-con e-parent\" data-id=\"7ff9e90\" data-element_type=\"container\" data-e-type=\"container\" data-settings=\"{&quot;background_background&quot;:&quot;classic&quot;}\">\n\t\t\t\t\t<div class=\"e-con-inner\">\n\t\t<div class=\"elementor-element elementor-element-8b5d7f9 e-con-full e-flex e-con e-child\" data-id=\"8b5d7f9\" data-element_type=\"container\" data-e-type=\"container\">\n\t\t\t\t<div class=\"elementor-element elementor-element-7ea877f elementor-widget elementor-widget-heading\" data-id=\"7ea877f\" data-element_type=\"widget\" data-e-type=\"widget\" data-widget_type=\"heading.default\">\n\t\t\t\t\t<h2 class=\"elementor-heading-title elementor-size-default\">Sound and Lighting Technology\n<\/h2>\t\t\t\t<\/div>\n\t\t\t\t<div class=\"elementor-element elementor-element-80c9dae elementor-widget elementor-widget-text-editor\" data-id=\"80c9dae\" data-element_type=\"widget\" data-e-type=\"widget\" data-widget_type=\"text-editor.default\">\n\t\t\t\t\t\t\t\t\tBoth seminar rooms are equipped with high-quality and state-of-the-art technology. The Bose Surround Multimedia Lifestyle System, combined with a sound-absorbing carpet and sound-dampening acoustic panels on the side walls, ensures perfect room acoustics with a concert-like atmosphere. Sennheiser wireless microphones are available for voice amplification or for recordings with the highest sound quality. Various lighting options can be used in the rooms. For example, fatigue-free daylight with special lamps, image lighting oriented towards your CD, or emotional lighting in a wide color palette are possible.\n\n\t\t\t\t\t\t\t\t<\/div>\n\t\t\t\t<\/div>\n\t\t\t\t<div class=\"elementor-element elementor-element-1f6762b elementor-widget__width-initial elementor-widget elementor-widget-image\" data-id=\"1f6762b\" data-element_type=\"widget\" data-e-type=\"widget\" data-widget_type=\"image.default\">\n\t\t\t\t\t\t\t\t\t\t\t\t\t\t\t<img fetchpriority=\"high\" decoding=\"async\" width=\"800\" height=\"450\" src=\"https:\/\/meetingspace-leipzig.de\/wp-content\/uploads\/2025\/03\/spm2000-technik-1024x576.jpg\" class=\"attachment-large size-large wp-image-843\" alt=\"\" srcset=\"https:\/\/meetingspace-leipzig.de\/wp-content\/uploads\/2025\/03\/spm2000-technik-1024x576.jpg 1024w, https:\/\/meetingspace-leipzig.de\/wp-content\/uploads\/2025\/03\/spm2000-technik-300x169.jpg 300w, https:\/\/meetingspace-leipzig.de\/wp-content\/uploads\/2025\/03\/spm2000-technik-768x432.jpg 768w, https:\/\/meetingspace-leipzig.de\/wp-content\/uploads\/2025\/03\/spm2000-technik-1536x864.jpg 1536w, https:\/\/meetingspace-leipzig.de\/wp-content\/uploads\/2025\/03\/spm2000-technik.jpg 1920w\" sizes=\"(max-width: 800px) 100vw, 800px\" \/>\t\t\t\t\t\t\t\t\t\t\t\t\t\t\t<\/div>\n\t\t<div class=\"elementor-element elementor-element-ed80497 e-con-full e-flex e-con e-child\" data-id=\"ed80497\" data-element_type=\"container\" data-e-type=\"container\">\n\t\t\t\t<div class=\"elementor-element elementor-element-924e06c elementor-widget elementor-widget-heading\" data-id=\"924e06c\" data-element_type=\"widget\" data-e-type=\"widget\" data-widget_type=\"heading.default\">\n\t\t\t\t\t<h2 class=\"elementor-heading-title elementor-size-default\">Work Space and Presentation Technology\n<\/h2>\t\t\t\t<\/div>\n\t\t\t\t<div class=\"elementor-element elementor-element-0bb478e elementor-widget elementor-widget-text-editor\" data-id=\"0bb478e\" data-element_type=\"widget\" data-e-type=\"widget\" data-widget_type=\"text-editor.default\">\n\t\t\t\t\t\t\t\t\tIn both rooms, there is the possibility to connect several laptops to the work stations, each equipped with power and network connections as well as internet access. For a presentation, you can use your own laptop or one provided by SPM 2000 and easily connect it to the available projector, sound system, and network. The large screen and the tele prompter, which allows you to read your presentation without turning around, enhance the presentation setup. For conference calls, you can use the portable conference phone with hands-free capability, video calling options, and a flat rate to German landlines. The IT team on-site is happy to assist you with your preparations and ensure a smooth process.\n\n\t\t\t\t\t\t\t\t<\/div>\n\t\t\t\t<\/div>\n\t\t\t\t\t<\/div>\n\t\t\t\t<\/div>\n\t\t<div class=\"elementor-element elementor-element-24dc02d e-flex e-con-boxed e-con e-parent\" data-id=\"24dc02d\" data-element_type=\"container\" data-e-type=\"container\" data-settings=\"{&quot;background_background&quot;:&quot;classic&quot;}\">\n\t\t\t\t\t<div class=\"e-con-inner\">\n\t\t<div class=\"elementor-element elementor-element-47ffe8e e-con-full e-flex e-con e-child\" data-id=\"47ffe8e\" data-element_type=\"container\" data-e-type=\"container\">\n\t\t\t\t<div class=\"elementor-element elementor-element-6d27321 elementor-widget elementor-widget-heading\" data-id=\"6d27321\" data-element_type=\"widget\" data-e-type=\"widget\" data-widget_type=\"heading.default\">\n\t\t\t\t\t<h2 class=\"elementor-heading-title elementor-size-default\">Seminar Documentation and Webinar\n<\/h2>\t\t\t\t<\/div>\n\t\t\t\t<div class=\"elementor-element elementor-element-8f563d4 elementor-widget elementor-widget-text-editor\" data-id=\"8f563d4\" data-element_type=\"widget\" data-e-type=\"widget\" data-widget_type=\"text-editor.default\">\n\t\t\t\t\t\t\t\t\tAs a special and 'out of the ordinary' feature, the SPM 2000 seminar centre offers to record your event from 7 different camera angles in both seminar rooms. The potential uses for this are varied. For instance, you can use the recordings to best observe your own impact or the reaction of the audience. You can monitor these movements live via a screen. Upon request, you will receive a DVD or Blue Ray recording with a custom-designed label within 24 hours after the end of the event. Additionally, a webinar is available to you. This option allows for virtual live participation in your conferences, meetings, and events over the internet.\n\t\t\t\t\t\t\t\t<\/div>\n\t\t\t\t<\/div>\n\t\t<div class=\"elementor-element elementor-element-735f2c8 e-con-full e-flex e-con e-child\" data-id=\"735f2c8\" data-element_type=\"container\" data-e-type=\"container\">\n\t\t\t\t<div class=\"elementor-element elementor-element-2ebc238 elementor-widget elementor-widget-heading\" data-id=\"2ebc238\" data-element_type=\"widget\" data-e-type=\"widget\" data-widget_type=\"heading.default\">\n\t\t\t\t\t<h2 class=\"elementor-heading-title elementor-size-default\">You Can Choose the Following Perspectives:\n<\/h2>\t\t\t\t<\/div>\n\t\t\t\t<div class=\"elementor-element elementor-element-5c1ba98 elementor-widget elementor-widget-gallery\" data-id=\"5c1ba98\" data-element_type=\"widget\" data-e-type=\"widget\" data-settings=\"{&quot;gap&quot;:{&quot;unit&quot;:&quot;px&quot;,&quot;size&quot;:20,&quot;sizes&quot;:[]},&quot;lazyload&quot;:&quot;yes&quot;,&quot;gallery_layout&quot;:&quot;grid&quot;,&quot;columns&quot;:4,&quot;columns_tablet&quot;:2,&quot;columns_mobile&quot;:1,&quot;gap_laptop&quot;:{&quot;unit&quot;:&quot;px&quot;,&quot;size&quot;:10,&quot;sizes&quot;:[]},&quot;gap_tablet&quot;:{&quot;unit&quot;:&quot;px&quot;,&quot;size&quot;:10,&quot;sizes&quot;:[]},&quot;gap_mobile&quot;:{&quot;unit&quot;:&quot;px&quot;,&quot;size&quot;:10,&quot;sizes&quot;:[]},&quot;link_to&quot;:&quot;file&quot;,&quot;aspect_ratio&quot;:&quot;3:2&quot;,&quot;content_hover_animation&quot;:&quot;fade-in&quot;}\" data-widget_type=\"gallery.default\">\n\t\t\t\t<div class=\"elementor-widget-container\">\n\t\t\t\t\t\t\t<div class=\"elementor-gallery__container\">\n\t\t\t\t\t\t\t<a class=\"e-gallery-item elementor-gallery-item elementor-animated-content\" href=\"https:\/\/meetingspace-leipzig.de\/wp-content\/uploads\/2025\/03\/seminarzentrum_kamera-center-hd_spm2000_15-02-11.jpg\" data-elementor-open-lightbox=\"yes\" data-elementor-lightbox-slideshow=\"all-5c1ba98\" data-elementor-lightbox-title=\"seminarzentrum_kamera-center-hd_spm2000_15-02-11\" data-e-action-hash=\"#elementor-action%3Aaction%3Dlightbox%26settings%3DeyJpZCI6ODQ0LCJ1cmwiOiJodHRwczpcL1wvbWVldGluZ3NwYWNlLWxlaXB6aWcuZGVcL3dwLWNvbnRlbnRcL3VwbG9hZHNcLzIwMjVcLzAzXC9zZW1pbmFyemVudHJ1bV9rYW1lcmEtY2VudGVyLWhkX3NwbTIwMDBfMTUtMDItMTEuanBnIiwic2xpZGVzaG93IjoiYWxsLTVjMWJhOTgifQ%3D%3D\">\n\t\t\t\t\t<div class=\"e-gallery-image elementor-gallery-item__image\" data-thumbnail=\"https:\/\/meetingspace-leipzig.de\/wp-content\/uploads\/2025\/03\/seminarzentrum_kamera-center-hd_spm2000_15-02-11.jpg\" data-width=\"700\" data-height=\"467\" alt=\"\" ><\/div>\n\t\t\t\t\t\t\t\t\t\t\t\t\t\t<\/a>\n\t\t\t\t\t\t\t<a class=\"e-gallery-item elementor-gallery-item elementor-animated-content\" href=\"https:\/\/meetingspace-leipzig.de\/wp-content\/uploads\/2025\/03\/seminarzentrum_kamera-publikum_spm2000_15-02-11.jpg\" data-elementor-open-lightbox=\"yes\" data-elementor-lightbox-slideshow=\"all-5c1ba98\" data-elementor-lightbox-title=\"seminarzentrum_kamera-publikum_spm2000_15-02-11\" data-e-action-hash=\"#elementor-action%3Aaction%3Dlightbox%26settings%3DeyJpZCI6ODQ4LCJ1cmwiOiJodHRwczpcL1wvbWVldGluZ3NwYWNlLWxlaXB6aWcuZGVcL3dwLWNvbnRlbnRcL3VwbG9hZHNcLzIwMjVcLzAzXC9zZW1pbmFyemVudHJ1bV9rYW1lcmEtcHVibGlrdW1fc3BtMjAwMF8xNS0wMi0xMS5qcGciLCJzbGlkZXNob3ciOiJhbGwtNWMxYmE5OCJ9\">\n\t\t\t\t\t<div class=\"e-gallery-image elementor-gallery-item__image\" data-thumbnail=\"https:\/\/meetingspace-leipzig.de\/wp-content\/uploads\/2025\/03\/seminarzentrum_kamera-publikum_spm2000_15-02-11.jpg\" data-width=\"700\" data-height=\"525\" alt=\"\" ><\/div>\n\t\t\t\t\t\t\t\t\t\t\t\t\t\t<\/a>\n\t\t\t\t\t\t\t<a class=\"e-gallery-item elementor-gallery-item elementor-animated-content\" href=\"https:\/\/meetingspace-leipzig.de\/wp-content\/uploads\/2025\/03\/seminarzentrum_kamera-vorne-links_spm2000_15-02-11.jpg\" data-elementor-open-lightbox=\"yes\" data-elementor-lightbox-slideshow=\"all-5c1ba98\" data-elementor-lightbox-title=\"seminarzentrum_kamera-vorne-links_spm2000_15-02-11\" data-e-action-hash=\"#elementor-action%3Aaction%3Dlightbox%26settings%3DeyJpZCI6ODQ5LCJ1cmwiOiJodHRwczpcL1wvbWVldGluZ3NwYWNlLWxlaXB6aWcuZGVcL3dwLWNvbnRlbnRcL3VwbG9hZHNcLzIwMjVcLzAzXC9zZW1pbmFyemVudHJ1bV9rYW1lcmEtdm9ybmUtbGlua3Nfc3BtMjAwMF8xNS0wMi0xMS5qcGciLCJzbGlkZXNob3ciOiJhbGwtNWMxYmE5OCJ9\">\n\t\t\t\t\t<div class=\"e-gallery-image elementor-gallery-item__image\" data-thumbnail=\"https:\/\/meetingspace-leipzig.de\/wp-content\/uploads\/2025\/03\/seminarzentrum_kamera-vorne-links_spm2000_15-02-11.jpg\" data-width=\"700\" data-height=\"525\" alt=\"\" ><\/div>\n\t\t\t\t\t\t\t\t\t\t\t\t\t\t<\/a>\n\t\t\t\t\t\t\t<a class=\"e-gallery-item elementor-gallery-item elementor-animated-content\" href=\"https:\/\/meetingspace-leipzig.de\/wp-content\/uploads\/2025\/03\/seminarzentrum_kamera-vorne-rechts_spm2000_15-02-11.jpg\" data-elementor-open-lightbox=\"yes\" data-elementor-lightbox-slideshow=\"all-5c1ba98\" data-elementor-lightbox-title=\"seminarzentrum_kamera-vorne-rechts_spm2000_15-02-11\" data-e-action-hash=\"#elementor-action%3Aaction%3Dlightbox%26settings%3DeyJpZCI6ODUwLCJ1cmwiOiJodHRwczpcL1wvbWVldGluZ3NwYWNlLWxlaXB6aWcuZGVcL3dwLWNvbnRlbnRcL3VwbG9hZHNcLzIwMjVcLzAzXC9zZW1pbmFyemVudHJ1bV9rYW1lcmEtdm9ybmUtcmVjaHRzX3NwbTIwMDBfMTUtMDItMTEuanBnIiwic2xpZGVzaG93IjoiYWxsLTVjMWJhOTgifQ%3D%3D\">\n\t\t\t\t\t<div class=\"e-gallery-image elementor-gallery-item__image\" data-thumbnail=\"https:\/\/meetingspace-leipzig.de\/wp-content\/uploads\/2025\/03\/seminarzentrum_kamera-vorne-rechts_spm2000_15-02-11.jpg\" data-width=\"700\" data-height=\"525\" alt=\"\" ><\/div>\n\t\t\t\t\t\t\t\t\t\t\t\t\t\t<\/a>\n\t\t\t\t\t\t\t<a class=\"e-gallery-item elementor-gallery-item elementor-animated-content\" href=\"https:\/\/meetingspace-leipzig.de\/wp-content\/uploads\/2025\/03\/seminarzentrum_kamera-draufsicht_spm2000_15-02-11.jpg\" data-elementor-open-lightbox=\"yes\" data-elementor-lightbox-slideshow=\"all-5c1ba98\" data-elementor-lightbox-title=\"seminarzentrum_kamera-draufsicht_spm2000_15-02-11\" data-e-action-hash=\"#elementor-action%3Aaction%3Dlightbox%26settings%3DeyJpZCI6ODQ1LCJ1cmwiOiJodHRwczpcL1wvbWVldGluZ3NwYWNlLWxlaXB6aWcuZGVcL3dwLWNvbnRlbnRcL3VwbG9hZHNcLzIwMjVcLzAzXC9zZW1pbmFyemVudHJ1bV9rYW1lcmEtZHJhdWZzaWNodF9zcG0yMDAwXzE1LTAyLTExLmpwZyIsInNsaWRlc2hvdyI6ImFsbC01YzFiYTk4In0%3D\">\n\t\t\t\t\t<div class=\"e-gallery-image elementor-gallery-item__image\" data-thumbnail=\"https:\/\/meetingspace-leipzig.de\/wp-content\/uploads\/2025\/03\/seminarzentrum_kamera-draufsicht_spm2000_15-02-11.jpg\" data-width=\"700\" data-height=\"525\" alt=\"\" ><\/div>\n\t\t\t\t\t\t\t\t\t\t\t\t\t\t<\/a>\n\t\t\t\t\t\t\t<a class=\"e-gallery-item elementor-gallery-item elementor-animated-content\" href=\"https:\/\/meetingspace-leipzig.de\/wp-content\/uploads\/2025\/03\/seminarzentrum_kamera-hinten-links_spm2000_15-02-11.jpg\" data-elementor-open-lightbox=\"yes\" data-elementor-lightbox-slideshow=\"all-5c1ba98\" data-elementor-lightbox-title=\"seminarzentrum_kamera-hinten-links_spm2000_15-02-11\" data-e-action-hash=\"#elementor-action%3Aaction%3Dlightbox%26settings%3DeyJpZCI6ODQ2LCJ1cmwiOiJodHRwczpcL1wvbWVldGluZ3NwYWNlLWxlaXB6aWcuZGVcL3dwLWNvbnRlbnRcL3VwbG9hZHNcLzIwMjVcLzAzXC9zZW1pbmFyemVudHJ1bV9rYW1lcmEtaGludGVuLWxpbmtzX3NwbTIwMDBfMTUtMDItMTEuanBnIiwic2xpZGVzaG93IjoiYWxsLTVjMWJhOTgifQ%3D%3D\">\n\t\t\t\t\t<div class=\"e-gallery-image elementor-gallery-item__image\" data-thumbnail=\"https:\/\/meetingspace-leipzig.de\/wp-content\/uploads\/2025\/03\/seminarzentrum_kamera-hinten-links_spm2000_15-02-11.jpg\" data-width=\"700\" data-height=\"525\" alt=\"\" ><\/div>\n\t\t\t\t\t\t\t\t\t\t\t\t\t\t<\/a>\n\t\t\t\t\t\t\t<a class=\"e-gallery-item elementor-gallery-item elementor-animated-content\" href=\"https:\/\/meetingspace-leipzig.de\/wp-content\/uploads\/2025\/03\/seminarzentrum_kamera-hinten-rechts_spm2000_15-02-11.jpg\" data-elementor-open-lightbox=\"yes\" data-elementor-lightbox-slideshow=\"all-5c1ba98\" data-elementor-lightbox-title=\"seminarzentrum_kamera-hinten-rechts_spm2000_15-02-11\" data-e-action-hash=\"#elementor-action%3Aaction%3Dlightbox%26settings%3DeyJpZCI6ODQ3LCJ1cmwiOiJodHRwczpcL1wvbWVldGluZ3NwYWNlLWxlaXB6aWcuZGVcL3dwLWNvbnRlbnRcL3VwbG9hZHNcLzIwMjVcLzAzXC9zZW1pbmFyemVudHJ1bV9rYW1lcmEtaGludGVuLXJlY2h0c19zcG0yMDAwXzE1LTAyLTExLmpwZyIsInNsaWRlc2hvdyI6ImFsbC01YzFiYTk4In0%3D\">\n\t\t\t\t\t<div class=\"e-gallery-image elementor-gallery-item__image\" data-thumbnail=\"https:\/\/meetingspace-leipzig.de\/wp-content\/uploads\/2025\/03\/seminarzentrum_kamera-hinten-rechts_spm2000_15-02-11.jpg\" data-width=\"700\" data-height=\"525\" alt=\"\" ><\/div>\n\t\t\t\t\t\t\t\t\t\t\t\t\t\t<\/a>\n\t\t\t\t\t<\/div>\n\t\t\t\t\t<\/div>\n\t\t\t\t<\/div>\n\t\t\t\t<\/div>\n\t\t\t\t\t<\/div>\n\t\t\t\t<\/div>\n\t\t\t\t<\/div>","protected":false},"excerpt":{"rendered":"<p>Unsere Tagungstechnik Klang- und Lichttechnik Beide Seminarr\u00e4ume sind mit qualitativ hochwertiger und modernster Markentechnik ausgestattet. F\u00fcr einen perfekten Raumklang mit Konzertatmosph\u00e4re sorgt das Bose Surround Multimedia Lifestyle System in Kombination mit einem schalld\u00e4mpfenden Teppichbelag sowie schallschluckenden Akustik Platten an den Seitenw\u00e4nden. Sennheiser Funk Mikrofone stehen zur Stimmverst\u00e4rkung oder f\u00fcr Aufnahmen mit h\u00f6chster Tonqualit\u00e4t zur Verf\u00fcgung. [&hellip;]<\/p>\n","protected":false},"author":2,"featured_media":0,"parent":0,"menu_order":0,"comment_status":"closed","ping_status":"closed","template":"elementor_header_footer","meta":{"footnotes":""},"class_list":["post-841","page","type-page","status-publish","hentry"],"_links":{"self":[{"href":"https:\/\/meetingspace-leipzig.de\/en\/wp-json\/wp\/v2\/pages\/841","targetHints":{"allow":["GET"]}}],"collection":[{"href":"https:\/\/meetingspace-leipzig.de\/en\/wp-json\/wp\/v2\/pages"}],"about":[{"href":"https:\/\/meetingspace-leipzig.de\/en\/wp-json\/wp\/v2\/types\/page"}],"author":[{"embeddable":true,"href":"https:\/\/meetingspace-leipzig.de\/en\/wp-json\/wp\/v2\/users\/2"}],"replies":[{"embeddable":true,"href":"https:\/\/meetingspace-leipzig.de\/en\/wp-json\/wp\/v2\/comments?post=841"}],"version-history":[{"count":10,"href":"https:\/\/meetingspace-leipzig.de\/en\/wp-json\/wp\/v2\/pages\/841\/revisions"}],"predecessor-version":[{"id":1444,"href":"https:\/\/meetingspace-leipzig.de\/en\/wp-json\/wp\/v2\/pages\/841\/revisions\/1444"}],"wp:attachment":[{"href":"https:\/\/meetingspace-leipzig.de\/en\/wp-json\/wp\/v2\/media?parent=841"}],"curies":[{"name":"wp","href":"https:\/\/api.w.org\/{rel}","templated":true}]}}