{"id":829,"date":"2025-03-31T11:53:56","date_gmt":"2025-03-31T11:53:56","guid":{"rendered":"https:\/\/meetingspace-leipzig.de\/?page_id=829"},"modified":"2025-09-04T10:39:59","modified_gmt":"2025-09-04T08:39:59","slug":"seminarraume","status":"publish","type":"page","link":"https:\/\/meetingspace-leipzig.de\/en\/seminarraume\/","title":{"rendered":"Seminar Rooms"},"content":{"rendered":"<div data-elementor-type=\"wp-page\" data-elementor-id=\"829\" class=\"elementor elementor-829\">\n\t\t\t\t<div class=\"elementor-element elementor-element-3df141b e-flex e-con-boxed e-con e-parent\" data-id=\"3df141b\" data-element_type=\"container\" data-e-type=\"container\" data-settings=\"{&quot;background_background&quot;:&quot;classic&quot;}\">\n\t\t\t\t\t<div class=\"e-con-inner\">\n\t\t<div class=\"elementor-element elementor-element-3154c56 e-con-full e-flex e-con e-child\" data-id=\"3154c56\" data-element_type=\"container\" data-e-type=\"container\">\n\t\t\t\t<div class=\"elementor-element elementor-element-9c600f2 elementor-widget elementor-widget-heading\" data-id=\"9c600f2\" data-element_type=\"widget\" data-e-type=\"widget\" data-widget_type=\"heading.default\">\n\t\t\t\t\t<h2 class=\"elementor-heading-title elementor-size-default\">Our Seminar Rooms<\/h2>\t\t\t\t<\/div>\n\t\t\t\t<div class=\"elementor-element elementor-element-cd38d06 elementor-widget elementor-widget-text-editor\" data-id=\"cd38d06\" data-element_type=\"widget\" data-e-type=\"widget\" data-widget_type=\"text-editor.default\">\n\t\t\t\t\t\t\t\t\t<p>Make use of the special ambiance of our seminar center for your conferences, meetings, and events. You have two seminar rooms and a lounge area at your disposal.<\/p>\t\t\t\t\t\t\t\t<\/div>\n\t\t\t\t<\/div>\n\t\t\t\t\t<\/div>\n\t\t\t\t<\/div>\n\t\t<div class=\"elementor-element elementor-element-8e698ce e-con-full e-flex e-con e-parent\" data-id=\"8e698ce\" data-element_type=\"container\" data-e-type=\"container\">\n\t\t<div class=\"elementor-element elementor-element-ec39245 e-con-full elementor-hidden-mobile e-flex e-con e-child\" data-id=\"ec39245\" data-element_type=\"container\" data-e-type=\"container\">\n\t\t\t\t<div class=\"elementor-element elementor-element-273309d elementor-widget elementor-widget-image\" data-id=\"273309d\" data-element_type=\"widget\" data-e-type=\"widget\" data-widget_type=\"image.default\">\n\t\t\t\t\t\t\t\t\t\t\t\t\t\t\t<img fetchpriority=\"high\" decoding=\"async\" width=\"2560\" height=\"1920\" src=\"https:\/\/meetingspace-leipzig.de\/wp-content\/uploads\/2025\/03\/raum-denkmeer-004.jpg\" class=\"attachment-full size-full wp-image-600\" alt=\"\" srcset=\"https:\/\/meetingspace-leipzig.de\/wp-content\/uploads\/2025\/03\/raum-denkmeer-004.jpg 2560w, https:\/\/meetingspace-leipzig.de\/wp-content\/uploads\/2025\/03\/raum-denkmeer-004-300x225.jpg 300w, https:\/\/meetingspace-leipzig.de\/wp-content\/uploads\/2025\/03\/raum-denkmeer-004-1024x768.jpg 1024w, https:\/\/meetingspace-leipzig.de\/wp-content\/uploads\/2025\/03\/raum-denkmeer-004-768x576.jpg 768w, https:\/\/meetingspace-leipzig.de\/wp-content\/uploads\/2025\/03\/raum-denkmeer-004-1536x1152.jpg 1536w, https:\/\/meetingspace-leipzig.de\/wp-content\/uploads\/2025\/03\/raum-denkmeer-004-2048x1536.jpg 2048w\" sizes=\"(max-width: 2560px) 100vw, 2560px\" \/>\t\t\t\t\t\t\t\t\t\t\t\t\t\t\t<\/div>\n\t\t\t\t<\/div>\n\t\t<div class=\"elementor-element elementor-element-188263a e-con-full e-flex e-con e-child\" data-id=\"188263a\" data-element_type=\"container\" data-e-type=\"container\">\n\t\t\t\t<div class=\"elementor-element elementor-element-69daf8a elementor-widget elementor-widget-heading\" data-id=\"69daf8a\" data-element_type=\"widget\" data-e-type=\"widget\" data-widget_type=\"heading.default\">\n\t\t\t\t\t<h2 class=\"elementor-heading-title elementor-size-default\">Room \"Denkmeer\"<\/h2>\t\t\t\t<\/div>\n\t\t\t\t<div class=\"elementor-element elementor-element-cf5b757 elementor-widget__width-initial elementor-widget elementor-widget-text-editor\" data-id=\"cf5b757\" data-element_type=\"widget\" data-e-type=\"widget\" data-widget_type=\"text-editor.default\">\n\t\t\t\t\t\t\t\t\t<p>The light-flooded room amazes with an impressive 3-metre-long saltwater aquarium, which presents a fascinating underwater world and creates an inspiring atmosphere. Here, up to 20 people can find space to work creatively and exchange ideas.<\/p>\t\t\t\t\t\t\t\t<\/div>\n\t\t\t\t<div class=\"elementor-element elementor-element-39d3033 elementor-align-left elementor-mobile-align-justify elementor-widget elementor-widget-button\" data-id=\"39d3033\" data-element_type=\"widget\" data-e-type=\"widget\" data-widget_type=\"button.default\">\n\t\t\t\t\t\t\t\t\t\t<a class=\"elementor-button elementor-button-link elementor-size-sm\" href=\"https:\/\/meetingspace-leipzig.de\/en\/raum-denkmeer\/\">\n\t\t\t\t\t\t<span class=\"elementor-button-content-wrapper\">\n\t\t\t\t\t\t\t\t\t<span class=\"elementor-button-text\">more about room \"Denkmeer\"<\/span>\n\t\t\t\t\t<\/span>\n\t\t\t\t\t<\/a>\n\t\t\t\t\t\t\t\t<\/div>\n\t\t\t\t<\/div>\n\t\t<div class=\"elementor-element elementor-element-f555a40 e-con-full e-flex e-con e-child\" data-id=\"f555a40\" data-element_type=\"container\" data-e-type=\"container\">\n\t\t\t\t<div class=\"elementor-element elementor-element-831f509 elementor-widget elementor-widget-heading\" data-id=\"831f509\" data-element_type=\"widget\" data-e-type=\"widget\" data-widget_type=\"heading.default\">\n\t\t\t\t\t<h2 class=\"elementor-heading-title elementor-size-default\">Room \"Wissensfluss\"<\/h2>\t\t\t\t<\/div>\n\t\t\t\t<div class=\"elementor-element elementor-element-7f993a1 elementor-widget__width-initial elementor-widget elementor-widget-text-editor\" data-id=\"7f993a1\" data-element_type=\"widget\" data-e-type=\"widget\" data-widget_type=\"text-editor.default\">\n\t\t\t\t\t\t\t\t\t<p>The special atmosphere in this room is shaped by the impressive water wall, which gives the room a cozy aura. You can also enjoy the wonderful view of the city centre, which provides an inspiring backdrop for your activities.<\/p>\t\t\t\t\t\t\t\t<\/div>\n\t\t\t\t<div class=\"elementor-element elementor-element-11d623d elementor-align-left elementor-widget elementor-widget-button\" data-id=\"11d623d\" data-element_type=\"widget\" data-e-type=\"widget\" data-widget_type=\"button.default\">\n\t\t\t\t\t\t\t\t\t\t<a class=\"elementor-button elementor-button-link elementor-size-sm\" href=\"https:\/\/meetingspace-leipzig.de\/en\/raum-wissensfluss\/\">\n\t\t\t\t\t\t<span class=\"elementor-button-content-wrapper\">\n\t\t\t\t\t\t\t\t\t<span class=\"elementor-button-text\">More About Room \"Wissensfluss\"<\/span>\n\t\t\t\t\t<\/span>\n\t\t\t\t\t<\/a>\n\t\t\t\t\t\t\t\t<\/div>\n\t\t\t\t<\/div>\n\t\t<div class=\"elementor-element elementor-element-381312a e-con-full elementor-hidden-mobile e-flex e-con e-child\" data-id=\"381312a\" data-element_type=\"container\" data-e-type=\"container\">\n\t\t\t\t<div class=\"elementor-element elementor-element-39c8aa2 elementor-widget elementor-widget-image\" data-id=\"39c8aa2\" data-element_type=\"widget\" data-e-type=\"widget\" data-widget_type=\"image.default\">\n\t\t\t\t\t\t\t\t\t\t\t\t\t\t\t<img decoding=\"async\" width=\"1920\" height=\"1280\" src=\"https:\/\/meetingspace-leipzig.de\/wp-content\/uploads\/2025\/03\/raum-denkmeer-002.jpg\" class=\"attachment-full size-full wp-image-598\" alt=\"\" srcset=\"https:\/\/meetingspace-leipzig.de\/wp-content\/uploads\/2025\/03\/raum-denkmeer-002.jpg 1920w, https:\/\/meetingspace-leipzig.de\/wp-content\/uploads\/2025\/03\/raum-denkmeer-002-300x200.jpg 300w, https:\/\/meetingspace-leipzig.de\/wp-content\/uploads\/2025\/03\/raum-denkmeer-002-1024x683.jpg 1024w, https:\/\/meetingspace-leipzig.de\/wp-content\/uploads\/2025\/03\/raum-denkmeer-002-768x512.jpg 768w, https:\/\/meetingspace-leipzig.de\/wp-content\/uploads\/2025\/03\/raum-denkmeer-002-1536x1024.jpg 1536w\" sizes=\"(max-width: 1920px) 100vw, 1920px\" \/>\t\t\t\t\t\t\t\t\t\t\t\t\t\t\t<\/div>\n\t\t\t\t<\/div>\n\t\t<div class=\"elementor-element elementor-element-343c165 e-con-full elementor-hidden-mobile e-flex e-con e-child\" data-id=\"343c165\" data-element_type=\"container\" data-e-type=\"container\">\n\t\t\t\t<div class=\"elementor-element elementor-element-1e980a5 elementor-widget elementor-widget-image\" data-id=\"1e980a5\" data-element_type=\"widget\" data-e-type=\"widget\" data-widget_type=\"image.default\">\n\t\t\t\t\t\t\t\t\t\t\t\t\t\t\t<img decoding=\"async\" width=\"1920\" height=\"1440\" src=\"https:\/\/meetingspace-leipzig.de\/wp-content\/uploads\/2025\/03\/lounge.jpg\" class=\"attachment-full size-full wp-image-836\" alt=\"\" srcset=\"https:\/\/meetingspace-leipzig.de\/wp-content\/uploads\/2025\/03\/lounge.jpg 1920w, https:\/\/meetingspace-leipzig.de\/wp-content\/uploads\/2025\/03\/lounge-300x225.jpg 300w, https:\/\/meetingspace-leipzig.de\/wp-content\/uploads\/2025\/03\/lounge-1024x768.jpg 1024w, https:\/\/meetingspace-leipzig.de\/wp-content\/uploads\/2025\/03\/lounge-768x576.jpg 768w, https:\/\/meetingspace-leipzig.de\/wp-content\/uploads\/2025\/03\/lounge-1536x1152.jpg 1536w\" sizes=\"(max-width: 1920px) 100vw, 1920px\" \/>\t\t\t\t\t\t\t\t\t\t\t\t\t\t\t<\/div>\n\t\t\t\t<\/div>\n\t\t<div class=\"elementor-element elementor-element-69c3188 e-con-full e-flex e-con e-child\" data-id=\"69c3188\" data-element_type=\"container\" data-e-type=\"container\">\n\t\t\t\t<div class=\"elementor-element elementor-element-090946a elementor-widget elementor-widget-heading\" data-id=\"090946a\" data-element_type=\"widget\" data-e-type=\"widget\" data-widget_type=\"heading.default\">\n\t\t\t\t\t<h2 class=\"elementor-heading-title elementor-size-default\">Lounge Area<\/h2>\t\t\t\t<\/div>\n\t\t\t\t<div class=\"elementor-element elementor-element-8241a3c elementor-widget__width-initial elementor-widget elementor-widget-text-editor\" data-id=\"8241a3c\" data-element_type=\"widget\" data-e-type=\"widget\" data-widget_type=\"text-editor.default\">\n\t\t\t\t\t\t\t\t\t<p>The lounge area of 35 square metres complements the two seminar rooms and invites both working and relaxing, as well as exchanging ideas. In this interaction centre, you will find many little things crafted with attention to detail that allow you to discover and rejoice.<\/p>\t\t\t\t\t\t\t\t<\/div>\n\t\t\t\t<div class=\"elementor-element elementor-element-793489e elementor-align-left elementor-mobile-align-justify elementor-widget elementor-widget-button\" data-id=\"793489e\" data-element_type=\"widget\" data-e-type=\"widget\" data-widget_type=\"button.default\">\n\t\t\t\t\t\t\t\t\t\t<a class=\"elementor-button elementor-button-link elementor-size-sm\" href=\"https:\/\/meetingspace-leipzig.de\/en\/loungebereich\/\">\n\t\t\t\t\t\t<span class=\"elementor-button-content-wrapper\">\n\t\t\t\t\t\t\t\t\t<span class=\"elementor-button-text\">More About the Lounge Area<\/span>\n\t\t\t\t\t<\/span>\n\t\t\t\t\t<\/a>\n\t\t\t\t\t\t\t\t<\/div>\n\t\t\t\t<\/div>\n\t\t\t\t<\/div>\n\t\t<div class=\"elementor-element elementor-element-7ff9e90 e-flex e-con-boxed e-con e-parent\" data-id=\"7ff9e90\" data-element_type=\"container\" data-e-type=\"container\" data-settings=\"{&quot;background_background&quot;:&quot;classic&quot;}\">\n\t\t\t\t\t<div class=\"e-con-inner\">\n\t\t<div class=\"elementor-element elementor-element-8b5d7f9 e-con-full e-flex e-con e-child\" data-id=\"8b5d7f9\" data-element_type=\"container\" data-e-type=\"container\">\n\t\t\t\t<div class=\"elementor-element elementor-element-7ea877f elementor-widget elementor-widget-heading\" data-id=\"7ea877f\" data-element_type=\"widget\" data-e-type=\"widget\" data-widget_type=\"heading.default\">\n\t\t\t\t\t<h2 class=\"elementor-heading-title elementor-size-default\">Seminar Rooms<\/h2>\t\t\t\t<\/div>\n\t\t\t\t<div class=\"elementor-element elementor-element-80c9dae elementor-widget elementor-widget-text-editor\" data-id=\"80c9dae\" data-element_type=\"widget\" data-e-type=\"widget\" data-widget_type=\"text-editor.default\">\n\t\t\t\t\t\t\t\t\t<p>You can rent our seminar rooms 'Denkmeer' and 'Wissensfluss' individually. When renting a seminar room, the use of the lounge area is included. If you choose the entire seminar centre with two seminar rooms and the lounge area, you have a total area of approximately 130 saquare metres available to you.<\/p>\t\t\t\t\t\t\t\t<\/div>\n\t\t\t\t<div class=\"elementor-element elementor-element-f7177a5 elementor-align-left elementor-mobile-align-justify elementor-widget elementor-widget-button\" data-id=\"f7177a5\" data-element_type=\"widget\" data-e-type=\"widget\" data-widget_type=\"button.default\">\n\t\t\t\t\t\t\t\t\t\t<a class=\"elementor-button elementor-button-link elementor-size-sm\" href=\"https:\/\/meetingspace-leipzig.de\/en\/raum-buchen\/\">\n\t\t\t\t\t\t<span class=\"elementor-button-content-wrapper\">\n\t\t\t\t\t\t\t\t\t<span class=\"elementor-button-text\">Book Now<\/span>\n\t\t\t\t\t<\/span>\n\t\t\t\t\t<\/a>\n\t\t\t\t\t\t\t\t<\/div>\n\t\t\t\t<\/div>\n\t\t<div class=\"elementor-element elementor-element-0ea0643 e-con-full e-flex e-con e-child\" data-id=\"0ea0643\" data-element_type=\"container\" data-e-type=\"container\">\n\t\t\t\t<div class=\"elementor-element elementor-element-fc732e9 elementor-widget elementor-widget-image\" data-id=\"fc732e9\" data-element_type=\"widget\" data-e-type=\"widget\" data-widget_type=\"image.default\">\n\t\t\t\t\t\t\t\t\t\t\t\t\t\t\t<img loading=\"lazy\" decoding=\"async\" width=\"800\" height=\"551\" src=\"https:\/\/meetingspace-leipzig.de\/wp-content\/uploads\/2025\/03\/Bildschirmfoto-2025-03-31-um-13.58.47-1024x705.png\" class=\"attachment-large size-large wp-image-837\" alt=\"\" srcset=\"https:\/\/meetingspace-leipzig.de\/wp-content\/uploads\/2025\/03\/Bildschirmfoto-2025-03-31-um-13.58.47-1024x705.png 1024w, https:\/\/meetingspace-leipzig.de\/wp-content\/uploads\/2025\/03\/Bildschirmfoto-2025-03-31-um-13.58.47-300x207.png 300w, https:\/\/meetingspace-leipzig.de\/wp-content\/uploads\/2025\/03\/Bildschirmfoto-2025-03-31-um-13.58.47-768x529.png 768w, https:\/\/meetingspace-leipzig.de\/wp-content\/uploads\/2025\/03\/Bildschirmfoto-2025-03-31-um-13.58.47.png 1124w\" sizes=\"(max-width: 800px) 100vw, 800px\" \/>\t\t\t\t\t\t\t\t\t\t\t\t\t\t\t<\/div>\n\t\t\t\t<div class=\"elementor-element elementor-element-a35303d elementor-widget elementor-widget-text-editor\" data-id=\"a35303d\" data-element_type=\"widget\" data-e-type=\"widget\" data-widget_type=\"text-editor.default\">\n\t\t\t\t\t\t\t\t\t<ol><li>Seminar Room \"Wissensfluss\"<\/li><li>Seminar Room \"Denkmeer\"<\/li><li>Lounge Area<\/li><li>Tower<\/li><li>Ladies' Room<\/li><li>Kitchen<\/li><li>Men's Room<\/li><\/ol>\t\t\t\t\t\t\t\t<\/div>\n\t\t\t\t<\/div>\n\t\t\t\t\t<\/div>\n\t\t\t\t<\/div>\n\t\t\t\t<\/div>","protected":false},"excerpt":{"rendered":"<p>Unsere Seminarr\u00e4ume Nutzen Sie das besondere Ambiente unseres Seminarzentrums f\u00fcr Ihre Tagungen, Besprechungen und Veranstaltungen. Ihnen stehen 2 Seminarr\u00e4ume und ein Lounge Bereich zur Verf\u00fcgung. Raum &#8222;Denkmeer&#8220; Der lichtdurchflutete Raum begeistert mit einem beeindruckenden 3 Meter langen Salzwasseraquarium, das eine faszinierende Unterwasserwelt pr\u00e4sentiert und eine inspirierende Atmosph\u00e4re schafft. Hier finden bis zu 20 Personen Platz, [&hellip;]<\/p>\n","protected":false},"author":2,"featured_media":0,"parent":0,"menu_order":0,"comment_status":"closed","ping_status":"closed","template":"elementor_header_footer","meta":{"footnotes":""},"class_list":["post-829","page","type-page","status-publish","hentry"],"_links":{"self":[{"href":"https:\/\/meetingspace-leipzig.de\/en\/wp-json\/wp\/v2\/pages\/829","targetHints":{"allow":["GET"]}}],"collection":[{"href":"https:\/\/meetingspace-leipzig.de\/en\/wp-json\/wp\/v2\/pages"}],"about":[{"href":"https:\/\/meetingspace-leipzig.de\/en\/wp-json\/wp\/v2\/types\/page"}],"author":[{"embeddable":true,"href":"https:\/\/meetingspace-leipzig.de\/en\/wp-json\/wp\/v2\/users\/2"}],"replies":[{"embeddable":true,"href":"https:\/\/meetingspace-leipzig.de\/en\/wp-json\/wp\/v2\/comments?post=829"}],"version-history":[{"count":18,"href":"https:\/\/meetingspace-leipzig.de\/en\/wp-json\/wp\/v2\/pages\/829\/revisions"}],"predecessor-version":[{"id":1577,"href":"https:\/\/meetingspace-leipzig.de\/en\/wp-json\/wp\/v2\/pages\/829\/revisions\/1577"}],"wp:attachment":[{"href":"https:\/\/meetingspace-leipzig.de\/en\/wp-json\/wp\/v2\/media?parent=829"}],"curies":[{"name":"wp","href":"https:\/\/api.w.org\/{rel}","templated":true}]}}